{"id":547,"date":"2022-05-17T13:01:32","date_gmt":"2022-05-17T04:01:32","guid":{"rendered":"https:\/\/azalee.or.jp\/?page_id=547"},"modified":"2022-05-17T15:45:53","modified_gmt":"2022-05-17T06:45:53","slug":"vn","status":"publish","type":"page","link":"https:\/\/azalee.or.jp\/chinese\/vn\/","title":{"rendered":"Nh\u00f3m Azalee"},"content":{"rendered":"\n<div class=\"wrapp\" style=\"margin: 4em auto; width: 100%;\">\n<div style=\"padding: 0 2em;\">\n<p style=\"margin-bottom: 1em;\">Ch\u00fang t\u00f4i, T\u1eadp \u0111o\u00e0n Azalee, cung c\u1ea5p d\u1ecbch v\u1ee5 cho ng\u01b0\u1eddi d\u00e2n \u0111\u1ecba ph\u01b0\u01a1ng v\u1edbi ba tr\u1ee5 c\u1ed9t l\u00e0 &#8220;ph\u00fac l\u1ee3i&#8221;, &#8220;gi\u00e1o d\u1ee5c&#8221; v\u00e0 &#8220;ch\u0103m s\u00f3c y t\u1ebf&#8221;. Kh\u00e1i ni\u1ec7m th\u01b0\u01a1ng hi\u1ec7u c\u1ee7a ch\u00fang t\u00f4i l\u00e0 cung c\u1ea5p &#8220;\u1ea4n t\u01b0\u1ee3ng \u0111\u1ec3 s\u1ed1ng&#8221;. D\u1ef1a tr\u00ean ba tr\u1ee5 c\u1ed9t n\u00e0y, ch\u00fang t\u00f4i cung c\u1ea5p c\u00e1c d\u1ecbch v\u1ee5 ph\u00f9 h\u1ee3p v\u1edbi v\u00f2ng \u0111\u1eddi c\u1ee7a ng\u01b0\u1eddi d\u00e2n \u0111\u1ecba ph\u01b0\u01a1ng, v\u1edbi m\u1ee5c \u0111\u00edch cung c\u1ea5p m\u1ed9t n\u01a1i m\u00e0 m\u1ecdi ng\u01b0\u1eddi c\u00f3 th\u1ec3 tham gia nhi\u1ec1u h\u01a1n trong su\u1ed1t v\u00f2ng \u0111\u1eddi c\u1ee7a ng\u01b0\u1eddi d\u00e2n \u0111\u1ecba ph\u01b0\u01a1ng &#8230; Trong ho\u00e0n c\u1ea3nh \u0111\u00f3, ch\u00fang t\u00f4i \u0111\u00e3 \u0111\u1eb7t &#8220;ng\u01b0\u1eddi d\u00f9ng l\u00e0 tr\u00ean h\u1ebft&#8221;, &#8220;\u0111\u00f3ng g\u00f3p cho c\u1ed9ng \u0111\u1ed3ng \u0111\u1ecba ph\u01b0\u01a1ng&#8221; v\u00e0 &#8220;t\u1ef1 hi\u1ec7n th\u1ef1c h\u00f3a th\u00f4ng qua c\u00f4ng vi\u1ec7c&#8221; l\u00e0m tri\u1ebft l\u00fd qu\u1ea3n l\u00fd c\u1ee7a ch\u00fang t\u00f4i v\u00e0 \u0111\u1ed1i v\u1edbi nh\u1eefng ng\u01b0\u1eddi s\u1eed d\u1ee5ng d\u1ecbch v\u1ee5 c\u1ee7a ch\u00fang t\u00f4i, ch\u00fang t\u00f4i kh\u00f4ng ch\u1ec9 cung c\u1ea5p c\u00e1c d\u1ecbch v\u1ee5 ph\u00fac l\u1ee3i v\u00e0 ch\u0103m s\u00f3c tr\u1ebb em an to\u00e0n m\u00e0 c\u00f2n c\u0169ng cung c\u1ea5p m\u1ed9t n\u01a1i vui v\u1ebb v\u00e0 h\u00e0i l\u00f2ng.<\/p>\n<p style=\"margin-bottom: 1em;\">Ngo\u00e0i ra, ch\u00fang t\u00f4i l\u00e0 m\u1ed9t nh\u00f3m lu\u00f4n c\u1ed1 g\u1eafng t\u1ea1o ra m\u1ed9t c\u01a1 s\u1edf m\u1edf \u0111\u1ec3 ch\u00fang t\u00f4i c\u00f3 th\u1ec3 \u0111\u00f3ng g\u00f3p nhi\u1ec1u nh\u1ea5t c\u00f3 th\u1ec3 cho nh\u1eefng ng\u01b0\u1eddi d\u00e2n trong khu v\u1ef1c, nh\u1eefng ng\u01b0\u1eddi \u0111\u00e3 h\u1ed7 tr\u1ee3 r\u1ea5t nhi\u1ec1u cho ho\u1ea1t \u0111\u1ed9ng h\u00e0ng ng\u00e0y c\u1ee7a ch\u00fang t\u00f4i.<\/p>\n<\/div>\n<\/div>\n<div class=\"col_about2_over fukushi\">\n<div class=\"col_about2\">\n<dl>\n<dt>C\u00f4ng ty ph\u00fac l\u1ee3i x\u00e3 h\u1ed9i T\u00ednh n\u0103ng Koujukai<\/dt>\n<dd>\n<p>K\u1ec3 t\u1eeb khi m\u1edf vi\u1ec7n d\u01b0\u1ee1ng l\u00e3o \u0111\u1eb7c bi\u1ec7t d\u00e0nh cho ng\u01b0\u1eddi gi\u00e0 Azalee Edogawa v\u00e0o th\u00e1ng 4 n\u0103m 1999, t\u1eadp \u0111o\u00e0n ph\u00fac l\u1ee3i x\u00e3 h\u1ed9i Koujukai ng\u00e0y c\u00e0ng ph\u00e1t tri\u1ec3n v\u1edbi s\u1ef1 \u1ee7ng h\u1ed9 c\u1ee7a ng\u01b0\u1eddi d\u00e2n \u0111\u1ecba ph\u01b0\u01a1ng v\u00e0 nhi\u1ec1u ng\u01b0\u1eddi tham gia. Ch\u00fang t\u00f4i th\u1ef1c h\u00e0nh ch\u0103m s\u00f3c d\u00e0i h\u1ea1n h\u1ed7 tr\u1ee3 s\u1ef1 \u0111\u1ed9c l\u1eadp, t\u1ee9c l\u00e0, s\u1ef1 ch\u0103m s\u00f3c l\u00e2u d\u00e0i h\u1ed7 tr\u1ee3 s\u1ef1 \u0111\u1ed9c l\u1eadp.<\/p>\n<p>H\u1ed7 tr\u1ee3 \u0111\u1ed9c l\u1eadp Ch\u0103m s\u00f3c d\u00e0i h\u1ea1n l\u00e0 s\u1ef1 ch\u0103m s\u00f3c d\u00e0i h\u1ea1n h\u1ed7 tr\u1ee3 ba t\u00ednh ch\u1ea5t \u0111\u1ed9c l\u1eadp ch\u00ednh, &#8220;\u0111\u1ed9c l\u1eadp v\u1ec1 th\u1ec3 ch\u1ea5t&#8221;, &#8220;\u0111\u1ed9c l\u1eadp v\u1ec1 tinh th\u1ea7n&#8221;, v\u00e0 &#8220;\u0111\u1ed9c l\u1eadp v\u1ec1 x\u00e3 h\u1ed9i&#8221;, v\u00e0 gi\u00fap c\u00f3 m\u1ed9t cu\u1ed9c s\u1ed1ng \u0111\u1ed9c l\u1eadp tr\u1edf l\u1ea1i.<br>Ngo\u00e0i ra, ch\u00fang t\u00f4i c\u0169ng \u0111ang t\u1eadp trung v\u00e0o vi\u1ec7c trao \u0111\u1ed5i th\u1ebf h\u1ec7, t\u00edch c\u1ef1c t\u01b0\u01a1ng t\u00e1c v\u1edbi c\u00e1c tr\u01b0\u1eddng m\u1eabu gi\u00e1o v\u00e0 ch\u0103m s\u00f3c sau gi\u1edd h\u1ecdc trong t\u1eadp \u0111o\u00e0n, v\u00e0 ch\u00fang t\u00f4i \u0111ang ti\u1ebfp nh\u1eadn nhi\u1ec1u du kh\u00e1ch t\u1eeb n\u01b0\u1edbc ngo\u00e0i.<\/p>\n<p>T\u1eeb n\u0103m 2022, ch\u00fang t\u00f4i s\u1ebd th\u00e0nh l\u1eadp t\u1ed5 h\u1ee3p c\u1ed9ng sinh c\u1ed9ng \u0111\u1ed3ng &#8220;A-Cube&#8221; v\u00e0 h\u01b0\u1edbng t\u1edbi vi\u1ec7c cung c\u1ea5p c\u00e1c d\u1ecbch v\u1ee5 theo y\u00eau c\u1ea7u c\u1ee7a c\u1ed9ng \u0111\u1ed3ng \u0111\u1ecba ph\u01b0\u01a1ng d\u1ef1a tr\u00ean kh\u00e1i ni\u1ec7m &#8220;\u0111a d\u1ea1ng v\u00e0 h\u00f2a nh\u1eadp&#8221;.<\/p>\n<\/dd>\n<\/dl>\n<\/div>\n<\/div>\n<div class=\"col_about2_over gakkou\">\n<div class=\"col_about2\">\n<dl>\n<dt>\u0110\u1eb7c \u0111i\u1ec3m c\u1ee7a t\u1eadp \u0111o\u00e0n tr\u01b0\u1eddng h\u1ecdc Azalee Gakuen<\/dt>\n<dd>\n<p>K\u1ec3 t\u1eeb khi m\u1edf tr\u01b0\u1eddng m\u1eabu gi\u00e1o Nagisa v\u00e0o th\u00e1ng 3 n\u0103m 1979, Azalee Gakuen \u0111\u00e3 cung c\u1ea5p d\u1ecbch v\u1ee5 b\u1eb1ng c\u00e1ch t\u1eadn d\u1ee5ng c\u00e1c \u0111\u1eb7c \u0111i\u1ec3m kh\u00e1c nhau c\u1ee7a c\u00e1c tr\u01b0\u1eddng m\u1eabu gi\u00e1o, nh\u00e0 tr\u1ebb v\u00e0 tr\u01b0\u1eddng tr\u1ebb em, ch\u1ee7 y\u1ebfu \u1edf Tokyo. Theo tri\u1ebft l\u00fd doanh nghi\u1ec7p t\u01b0\u01a1ng t\u1ef1, ch\u00fang t\u00f4i \u0111ang th\u1ef1c h\u00e0nh gi\u00e1o d\u1ee5c v\u00e0 ch\u0103m s\u00f3c tr\u1ebb em nh\u1eb1m nu\u00f4i d\u01b0\u1ee1ng nh\u1eefng \u0111i\u1ec1u n\u00e0y ho\u1eb7c y\u00eau c\u1ea7u &#8220;t\u1ef1 suy ngh\u0129 v\u00e0 gi\u1ea3i quy\u1ebft v\u1ea5n \u0111\u1ec1&#8221; v\u00e0 &#8220;kh\u1ea3 n\u0103ng t\u1ea1o ra nh\u1eefng \u0111i\u1ec1u m\u1edbi&#8221;.<\/p>\n<p>Trong s\u1ed1 \u0111\u00f3, &#8220;gi\u00e1o d\u1ee5c STEAM&#8221; l\u00e0 l\u0129nh v\u1ef1c m\u00e0 ch\u00fang t\u00f4i \u0111\u1eb7c bi\u1ec7t ch\u00fa tr\u1ecdng. STEAM l\u00e0 t\u1eeb vi\u1ebft t\u1eaft c\u1ee7a Khoa h\u1ecdc, C\u00f4ng ngh\u1ec7, K\u1ef9 thu\u1eadt v\u00e0 To\u00e1n h\u1ecdc. B\u1eb1ng c\u00e1ch nghi\u00ean c\u1ee9u nh\u1eefng \u0111i\u1ec1u n\u00e0y, kh\u1ea3 n\u0103ng \u0111\u1ecdc v\u00e0 t\u01b0\u01a1ng t\u00e1c ch\u00ednh x\u00e1c v\u1edbi c\u00e1c c\u00e2u v\u00e0 th\u00f4ng tin, &#8220;T\u1ea1i sao?&#8221; &#8220;T\u00f4i \u01b0\u1edbc \u0111\u00e2y l\u00e0 tr\u01b0\u1eddng h\u1ee3p n\u00e0y.&#8221; Kh\u1ea3 n\u0103ng nghi\u00ean c\u1ee9u, l\u1ef1a ch\u1ecdn v\u00e0 t\u1eadn d\u1ee5ng nh\u1eefng g\u00ec b\u1ea1n c\u1ea3m th\u1ea5y, kh\u1ea3 n\u0103ng t\u1ea1o ra nh\u1eefng th\u1ee9 ch\u01b0a t\u1eebng t\u1ed3n t\u1ea1i tr\u01b0\u1edbc \u0111\u00e2y, kh\u1ea3 n\u0103ng t\u1ea1o ra nh\u1eefng th\u1ee9 \u0111\u1ed9c \u0111\u00e1o, kh\u1ea3 n\u0103ng suy ngh\u0129 t\u1ef1 do v\u00e0 s\u1ef1 nh\u1ea1y c\u1ea3m kh\u00f4ng b\u1ecb r\u00e0ng bu\u1ed9c b\u1edfi c\u00e2u tr\u1ea3 l\u1eddi \u0111\u00fang, lo\u1ea1i m\u00f4i tr\u01b0\u1eddng ngay c\u1ea3 khi b\u1ea1n l\u00e0m , b\u1ea1n s\u1ebd c\u00f3 th\u1ec3 t\u1ef1 m\u00ecnh suy ngh\u0129 v\u00e0 \u0111\u01b0a ra quy\u1ebft \u0111\u1ecbnh, \u0111\u1ed3ng th\u1eddi c\u00f3 \u0111\u01b0\u1ee3c kh\u1ea3 n\u0103ng gi\u1ea3i quy\u1ebft v\u1ea5n \u0111\u1ec1 v\u00e0 v\u01b0\u1ee3t qua m\u1ecdi chuy\u1ec7n.<\/p>\n<p>Ngo\u00e0i ra, ch\u00fang t\u00f4i \u0111\u00e3 nh\u1eadn \u0111\u01b0\u1ee3c s\u1ef1 t\u01b0 v\u1ea5n t\u1eeb n\u01b0\u1edbc ngo\u00e0i v\u00ec ch\u00fang t\u00f4i mu\u1ed1n k\u1ebft h\u1ee3p gi\u00e1o d\u1ee5c m\u1ea7m non theo phong c\u00e1ch Nh\u1eadt B\u1ea3n v\u00e0 hi\u1ec7n ch\u00fang t\u00f4i \u0111ang c\u00f9ng nhau x\u00fac ti\u1ebfn m\u1ed9t d\u1ef1 \u00e1n.<\/p>\n<\/dd>\n<\/dl>\n<\/div>\n<\/div>\n<div class=\"yt_box-pc\"><img decoding=\"async\" src=\"https:\/\/azalee.or.jp\/wp-content\/themes\/azalee-g\/images\/youtube-banner.png\" alt=\"\"><\/div>\n<div class=\"yt_box-sp\"><img decoding=\"async\" src=\"https:\/\/azalee.or.jp\/wp-content\/themes\/azalee-g\/images\/youtube-banner-sp.png\" alt=\"\"><\/div>\n<div class=\"wrapp\" style=\"margin-bottom: 3em;\">\n<dl>\n<dt><\/dt>\n<dd style=\"padding: 10px;\">\n<p>Gh\u00e9 th\u0103m k\u00eanh Azalee tr\u00ean YouTube! T\u00ecm hi\u1ec3u v\u1ec1 T\u1eadp \u0111o\u00e0n Azalee v\u00e0 c\u00f4ng vi\u1ec7c c\u1ee7a ch\u00fang t\u00f4i trong c\u00e1c d\u1ecbch v\u1ee5 gi\u00e1o d\u1ee5c, \u0111i\u1ec1u d\u01b0\u1ee1ng v\u00e0 ng\u01b0\u1eddi khuy\u1ebft t\u1eadt c\u0169ng nh\u01b0 cam k\u1ebft c\u1ee7a ch\u00fang t\u00f4i \u0111\u1ed1i v\u1edbi s\u1ef1 \u0111a d\u1ea1ng v\u00e0 h\u00f2a nh\u1eadp.<\/p>\n<p>Ch\u00fang t\u00f4i t\u1ea3i l\u00ean nhi\u1ec1u video m\u1ed7i th\u00e1ng b\u1eb1ng nhi\u1ec1u ng\u00f4n ng\u1eef, v\u00ec v\u1eady h\u00e3y nh\u1edb \u0111\u0103ng k\u00fd!<\/p>\n<\/dd>\n<dd class=\"common_btn2\"><a href=\"https:\/\/www.youtube.com\/azaleechannel\" target=\"_blank\" rel=\"noopener\">L\u00ean YouTube<\/a><\/dd>\n<\/dl>\n<\/div>\n<div class=\"wrapp\" style=\"margin: 4em auto; width: 100%;\">\n<div style=\"padding: 0 2em;\">\n<h2 class=\"align_center mb50\"><img decoding=\"async\" src=\"https:\/\/azalee.or.jp\/wp-content\/uploads\/vn_contact.png\" alt=\"M\u1eabu y\u00eau c\u1ea7u\"><\/h2>\n<p style=\"margin-bottom: 2em;\">Ch\u00fang t\u00f4i th\u00edch h\u1ee3p t\u00e1c. Vui l\u00f2ng li\u00ean h\u1ec7 qua bi\u1ec3u m\u1eabu li\u00ean h\u1ec7 b\u00ean d\u01b0\u1edbi v\u00e0 kh\u00e1m ph\u00e1 c\u00e1ch ch\u00fang ta c\u00f3 th\u1ec3 l\u00e0m vi\u1ec7c c\u00f9ng nhau.<\/p>\n\n<div class=\"wpcf7 no-js\" id=\"wpcf7-f559-o1\" lang=\"ja\" dir=\"ltr\" data-wpcf7-id=\"559\">\n<div class=\"screen-reader-response\"><p role=\"status\" aria-live=\"polite\" aria-atomic=\"true\"><\/p> <ul><\/ul><\/div>\n<form action=\"\/chinese\/wp-json\/wp\/v2\/pages\/547#wpcf7-f559-o1\" method=\"post\" class=\"wpcf7-form init\" aria-label=\"\u30b3\u30f3\u30bf\u30af\u30c8\u30d5\u30a9\u30fc\u30e0\" novalidate=\"novalidate\" data-status=\"init\">\n<fieldset class=\"hidden-fields-container\"><input type=\"hidden\" name=\"_wpcf7\" value=\"559\" \/><input type=\"hidden\" name=\"_wpcf7_version\" value=\"6.1.5\" \/><input type=\"hidden\" name=\"_wpcf7_locale\" value=\"ja\" \/><input type=\"hidden\" name=\"_wpcf7_unit_tag\" value=\"wpcf7-f559-o1\" \/><input type=\"hidden\" name=\"_wpcf7_container_post\" value=\"0\" \/><input type=\"hidden\" name=\"_wpcf7_posted_data_hash\" value=\"\" \/><input type=\"hidden\" name=\"_wpcf7_recaptcha_response\" value=\"\" \/>\n<\/fieldset>\n<p class=\"mb10\"><span class=\"red\">*<\/span> C\u1ea7n thi\u1ebft\n<\/p>\n<table class=\"contact\">\n\t<tr>\n\t\t<td class=\"subtitle\">\n\t\t\t<p>T\u00ean<span class=\"red\">*<\/span>\n\t\t\t<\/p>\n\t\t<\/td>\n\t\t<td>\n\t\t\t<p><span class=\"wpcf7-form-control-wrap\" data-name=\"your-name\"><input size=\"40\" maxlength=\"400\" class=\"wpcf7-form-control wpcf7-text wpcf7-validates-as-required\" aria-required=\"true\" aria-invalid=\"false\" value=\"\" type=\"text\" name=\"your-name\" \/><\/span><span id=\"wpcf7-69e8788560e80-wrapper\" class=\"wpcf7-form-control-wrap mitsu-708-wrap\" style=\"display:none !important; visibility:hidden !important;\"><label for=\"wpcf7-69e8788560e80-field\" class=\"hp-message\">\u3053\u306e\u30d5\u30a3\u30fc\u30eb\u30c9\u306f\u7a7a\u306e\u307e\u307e\u306b\u3057\u3066\u304f\u3060\u3055\u3044\u3002<\/label><input id=\"wpcf7-69e8788560e80-field\"  class=\"wpcf7-form-control wpcf7-text\" type=\"text\" name=\"mitsu-708\" value=\"\" size=\"40\" tabindex=\"-1\" autocomplete=\"new-password\" \/><\/span>\n\t\t\t<\/p>\n\t\t<\/td>\n\t<\/tr>\n\t<tr>\n\t\t<td class=\"subtitle\">\n\t\t\t<p>E-mail<span class=\"red\">*<\/span>\n\t\t\t<\/p>\n\t\t<\/td>\n\t\t<td>\n\t\t\t<p><span class=\"wpcf7-form-control-wrap\" data-name=\"email-700\"><input size=\"40\" maxlength=\"400\" class=\"wpcf7-form-control wpcf7-email wpcf7-validates-as-required wpcf7-text wpcf7-validates-as-email\" aria-required=\"true\" aria-invalid=\"false\" value=\"\" type=\"email\" name=\"email-700\" \/><\/span>\n\t\t\t<\/p>\n\t\t<\/td>\n\t<\/tr>\n\t<tr>\n\t\t<td class=\"subtitle\">\n\t\t\t<p>E-mail (X\u00e1c nh\u1eadn)<span class=\"red\">*<\/span>\n\t\t\t<\/p>\n\t\t<\/td>\n\t\t<td>\n\t\t\t<p><span class=\"wpcf7-form-control-wrap\" data-name=\"email-700_confirm\"><input size=\"40\" maxlength=\"400\" class=\"wpcf7-form-control wpcf7-email wpcf7-validates-as-required wpcf7-text wpcf7-validates-as-email\" aria-required=\"true\" aria-invalid=\"false\" value=\"\" type=\"email\" name=\"email-700_confirm\" \/><\/span>\n\t\t\t<\/p>\n\t\t<\/td>\n\t<\/tr>\n\t<tr>\n\t\t<td class=\"subtitle\" valign=\"top\">\n\t\t\t<p>Tin nh\u1eafn<span class=\"red\">*<\/span>\n\t\t\t<\/p>\n\t\t<\/td>\n\t\t<td>\n\t\t\t<p><span class=\"wpcf7-form-control-wrap\" data-name=\"your-message\"><textarea cols=\"40\" rows=\"10\" maxlength=\"2000\" class=\"wpcf7-form-control wpcf7-textarea wpcf7-validates-as-required\" aria-required=\"true\" aria-invalid=\"false\" name=\"your-message\"><\/textarea><\/span>\n\t\t\t<\/p>\n\t\t<\/td>\n\t<\/tr>\n<\/table>\n<table class=\"contact_btnArea\">\n\t<tr>\n\t\t<td align=\"center\">\n\t\t\t<p><input class=\"wpcf7-form-control wpcf7-submit has-spinner btn_input\" type=\"submit\" value=\"G\u1eedi\" \/>\n\t\t\t<\/p>\n\t\t<\/td>\n\t<\/tr>\n<\/table><p style=\"display: none !important;\" class=\"akismet-fields-container\" data-prefix=\"_wpcf7_ak_\"><label>&#916;<textarea name=\"_wpcf7_ak_hp_textarea\" cols=\"45\" rows=\"8\" maxlength=\"100\"><\/textarea><\/label><input type=\"hidden\" id=\"ak_js_1\" name=\"_wpcf7_ak_js\" value=\"45\"\/><script>document.getElementById( \"ak_js_1\" ).setAttribute( \"value\", ( new Date() ).getTime() );<\/script><\/p><div class=\"wpcf7-response-output\" aria-hidden=\"true\"><\/div>\n<\/form>\n<\/div>\n\n<\/div>\n<\/div>\n<p>&nbsp;<\/p>\n\n\n<p>&nbsp;<\/p>\n<p><!-- \/wp:post-content --><\/p>","protected":false},"excerpt":{"rendered":"<p>Ch\u00fang t\u00f4i, T\u1eadp \u0111o\u00e0n Azalee, cung c\u1ea5p d\u1ecbch v\u1ee5 cho ng\u01b0\u1eddi d\u00e2n \u0111\u1ecba ph\u01b0\u01a1ng v\u1edbi ba tr\u1ee5 c\u1ed9t l\u00e0 &#8220;ph\u00fac l\u1ee3i&#8221; [&hellip;]<\/p>\n","protected":false},"author":3,"featured_media":0,"parent":0,"menu_order":0,"comment_status":"closed","ping_status":"closed","template":"","meta":{"slim_seo":{"title":"Nh\u00f3m Azalee - \u30a2\u30bc\u30ea\u30fc\u30b0\u30eb\u30fc\u30d7","description":"&nbsp;"},"footnotes":""},"class_list":["post-547","page","type-page","status-publish","hentry"],"_links":{"self":[{"href":"https:\/\/azalee.or.jp\/chinese\/wp-json\/wp\/v2\/pages\/547","targetHints":{"allow":["GET"]}}],"collection":[{"href":"https:\/\/azalee.or.jp\/chinese\/wp-json\/wp\/v2\/pages"}],"about":[{"href":"https:\/\/azalee.or.jp\/chinese\/wp-json\/wp\/v2\/types\/page"}],"author":[{"embeddable":true,"href":"https:\/\/azalee.or.jp\/chinese\/wp-json\/wp\/v2\/users\/3"}],"replies":[{"embeddable":true,"href":"https:\/\/azalee.or.jp\/chinese\/wp-json\/wp\/v2\/comments?post=547"}],"version-history":[{"count":9,"href":"https:\/\/azalee.or.jp\/chinese\/wp-json\/wp\/v2\/pages\/547\/revisions"}],"predecessor-version":[{"id":576,"href":"https:\/\/azalee.or.jp\/chinese\/wp-json\/wp\/v2\/pages\/547\/revisions\/576"}],"wp:attachment":[{"href":"https:\/\/azalee.or.jp\/chinese\/wp-json\/wp\/v2\/media?parent=547"}],"curies":[{"name":"wp","href":"https:\/\/api.w.org\/{rel}","templated":true}]}}